{"id":27,"date":"2023-10-24T21:47:18","date_gmt":"2023-10-24T19:47:18","guid":{"rendered":"http:\/\/ebenistor.fr\/?page_id=27"},"modified":"2023-12-29T10:01:11","modified_gmt":"2023-12-29T09:01:11","slug":"contact-localisation","status":"publish","type":"page","link":"http:\/\/ebenistor.fr\/?page_id=27","title":{"rendered":"Contact &#038; localisation"},"content":{"rendered":"\t\t<div data-elementor-type=\"wp-page\" data-elementor-id=\"27\" class=\"elementor elementor-27\">\n\t\t\t\t\t\t\t<div class=\"elementor-element elementor-element-e113b46 e-flex e-con-boxed e-con e-parent\" data-id=\"e113b46\" data-element_type=\"container\" data-settings=\"{&quot;content_width&quot;:&quot;boxed&quot;}\" data-core-v316-plus=\"true\">\n\t\t\t\t\t<div class=\"e-con-inner\">\n\t\t\t\t<div class=\"elementor-element elementor-element-9242e01 elementor-widget elementor-widget-google_maps\" data-id=\"9242e01\" data-element_type=\"widget\" data-widget_type=\"google_maps.default\">\n\t\t\t\t<div class=\"elementor-widget-container\">\n\t\t\t<style>\/*! elementor - v3.17.0 - 08-11-2023 *\/\n.elementor-widget-google_maps .elementor-widget-container{overflow:hidden}.elementor-widget-google_maps .elementor-custom-embed{line-height:0}.elementor-widget-google_maps iframe{height:300px}<\/style>\t\t<div class=\"elementor-custom-embed\">\n\t\t\t<iframe loading=\"lazy\"\n\t\t\t\t\tsrc=\"https:\/\/maps.google.com\/maps?q=Ebenistor&#038;t=m&#038;z=10&#038;output=embed&#038;iwloc=near\"\n\t\t\t\t\ttitle=\"Ebenistor\"\n\t\t\t\t\taria-label=\"Ebenistor\"\n\t\t\t><\/iframe>\n\t\t<\/div>\n\t\t\t\t<\/div>\n\t\t\t\t<\/div>\n\t\t\t\t\t<\/div>\n\t\t\t\t<\/div>\n\t\t<div class=\"elementor-element elementor-element-4f09d0b0 e-flex e-con-boxed e-con e-parent\" data-id=\"4f09d0b0\" data-element_type=\"container\" data-settings=\"{&quot;content_width&quot;:&quot;boxed&quot;}\" data-core-v316-plus=\"true\">\n\t\t\t\t\t<div class=\"e-con-inner\">\n\t\t\t\t<div class=\"elementor-element elementor-element-42fb4f2a elementor-widget elementor-widget-text-editor\" data-id=\"42fb4f2a\" data-element_type=\"widget\" data-widget_type=\"text-editor.default\">\n\t\t\t\t<div class=\"elementor-widget-container\">\n\t\t\t<style>\/*! elementor - v3.17.0 - 08-11-2023 *\/\n.elementor-widget-text-editor.elementor-drop-cap-view-stacked .elementor-drop-cap{background-color:#69727d;color:#fff}.elementor-widget-text-editor.elementor-drop-cap-view-framed .elementor-drop-cap{color:#69727d;border:3px solid;background-color:transparent}.elementor-widget-text-editor:not(.elementor-drop-cap-view-default) .elementor-drop-cap{margin-top:8px}.elementor-widget-text-editor:not(.elementor-drop-cap-view-default) .elementor-drop-cap-letter{width:1em;height:1em}.elementor-widget-text-editor .elementor-drop-cap{float:left;text-align:center;line-height:1;font-size:50px}.elementor-widget-text-editor .elementor-drop-cap-letter{display:inline-block}<\/style>\t\t\t\t<!-- wp:paragraph -->\n<p><strong>Adresse<\/strong> : Route de Kerarzal 29840 Landunvez<\/p>\n<!-- \/wp:paragraph --><!-- wp:paragraph -->\n<p><strong>Mobile<\/strong> : 07 86 39 16 19<\/p>\n<!-- \/wp:paragraph --><!-- wp:paragraph -->\n<p><strong>Courriel<\/strong> : atelier.ebenistor@gmail.com<\/p>\n<!-- \/wp:paragraph --><!-- wp:image {\"id\":34,\"sizeSlug\":\"full\",\"linkDestination\":\"none\"} -->\n<figure class=\"wp-block-image size-full\"><\/figure>\n<!-- \/wp:image --><!-- wp:heading -->\n<h2 class=\"wp-block-heading\">Soyez les bienvenus \u00e0 l&#8217;atelier !<\/h2>\n<!-- \/wp:heading --><!-- wp:paragraph -->\n<p>L&#8217;atelier se situe \u00e0 mi-chemin entre le bourg de Landunvez et Kersaint, sur la gauche direction Portsall. Ancienne entreprise de paysagiste, il se d\u00e9gage de l&#8217;ensemble des b\u00e2timents et des alentours une forte recherche esth\u00e9tique.<\/p>\n<!-- \/wp:paragraph --><!-- wp:paragraph -->\n<p>N&#8217;h\u00e9sitez pas \u00e0 venir frapper \u00e0 la porte, vous y serez chaleureusement accueillis (sauf si je suis en plein collage !). Vous pourrez satisfaire votre curiosit\u00e9, partager votre passion du bois et des meubles mais aussi demander des conseils ou solliciter une expertise.<\/p>\n<!-- \/wp:paragraph --><!-- wp:paragraph -->\n<p>L&#8217;atelier est ouvert de 9h \u00e0 17h (avec une petite pause d\u00e9jeuner tout de m\u00eame !) le lundi, mardi, jeudi et vendredi.<\/p>\n<!-- \/wp:paragraph --><!-- wp:paragraph -->\n<p><strong>Je vous conseille de prendre RDV avant de passer afin de vous assurer que je ne sois pas en d\u00e9placement ou d\u00e9j\u00e0 en RDV.<\/strong><\/p>\n<!-- \/wp:paragraph -->\t\t\t\t\t\t<\/div>\n\t\t\t\t<\/div>\n\t\t\t\t\t<\/div>\n\t\t\t\t<\/div>\n\t\t\t\t\t\t\t<\/div>\n\t\t","protected":false},"excerpt":{"rendered":"<p>Adresse : Route de Kerarzal 29840 Landunvez Mobile : 07 86 39 16 19 Courriel : atelier.ebenistor@gmail.com Soyez les bienvenus \u00e0 l&#8217;atelier ! L&#8217;atelier se situe \u00e0 mi-chemin entre le bourg de Landunvez et Kersaint, sur la gauche direction Portsall. Ancienne entreprise de paysagiste, il se d\u00e9gage de l&#8217;ensemble des b\u00e2timents et des alentours une [&hellip;]<\/p>\n","protected":false},"author":1,"featured_media":0,"parent":0,"menu_order":0,"comment_status":"closed","ping_status":"closed","template":"","meta":{"footnotes":""},"class_list":["post-27","page","type-page","status-publish","hentry"],"_links":{"self":[{"href":"http:\/\/ebenistor.fr\/index.php?rest_route=\/wp\/v2\/pages\/27","targetHints":{"allow":["GET"]}}],"collection":[{"href":"http:\/\/ebenistor.fr\/index.php?rest_route=\/wp\/v2\/pages"}],"about":[{"href":"http:\/\/ebenistor.fr\/index.php?rest_route=\/wp\/v2\/types\/page"}],"author":[{"embeddable":true,"href":"http:\/\/ebenistor.fr\/index.php?rest_route=\/wp\/v2\/users\/1"}],"replies":[{"embeddable":true,"href":"http:\/\/ebenistor.fr\/index.php?rest_route=%2Fwp%2Fv2%2Fcomments&post=27"}],"version-history":[{"count":9,"href":"http:\/\/ebenistor.fr\/index.php?rest_route=\/wp\/v2\/pages\/27\/revisions"}],"predecessor-version":[{"id":167,"href":"http:\/\/ebenistor.fr\/index.php?rest_route=\/wp\/v2\/pages\/27\/revisions\/167"}],"wp:attachment":[{"href":"http:\/\/ebenistor.fr\/index.php?rest_route=%2Fwp%2Fv2%2Fmedia&parent=27"}],"curies":[{"name":"wp","href":"https:\/\/api.w.org\/{rel}","templated":true}]}}